{"id":364,"date":"2024-12-24T04:27:30","date_gmt":"2024-12-24T04:27:30","guid":{"rendered":"https:\/\/samuilove.com\/?page_id=364"},"modified":"2025-05-12T13:35:01","modified_gmt":"2025-05-12T13:35:01","slug":"about","status":"publish","type":"page","link":"https:\/\/samuilove.com\/es\/about\/","title":{"rendered":"Sobre nosotros"},"content":{"rendered":"<p>SamuiLove.com es tu gu\u00eda definitiva para descubrir la magia de Koh Samui. Ya sea que busques playas v\u00edrgenes, deliciosa gastronom\u00eda local, experiencias inolvidables o escapadas rom\u00e1nticas, tenemos lo que buscas. Desde atracciones imperdibles hasta rincones escondidos que solo conocen los locales, Samui Love te ayuda a explorar la isla como nunca antes. Planifica tu escapada perfecta, descubre los eventos diarios y enam\u00f3rate de Samui, un amanecer a la vez.<\/p>","protected":false},"excerpt":{"rendered":"<p>SamuiLove.com is your ultimate guide to the magic of Koh Samui. Whether you&#39;re seeking pristine beaches, delicious local cuisine, unforgettable experiences, or romantic hideaways, we&rsquo;ve got you covered. From must-see attractions to hidden spots known only to locals, Samui Love helps you explore the island like never before. Plan your perfect escape, discover daily events, [&hellip;]<\/p>\n","protected":false},"author":1,"featured_media":0,"parent":0,"menu_order":0,"comment_status":"closed","ping_status":"closed","template":"","meta":{"_acf_changed":false,"footnotes":""},"class_list":["post-364","page","type-page","status-publish","hentry"],"acf":[],"_links":{"self":[{"href":"https:\/\/samuilove.com\/es\/wp-json\/wp\/v2\/pages\/364","targetHints":{"allow":["GET"]}}],"collection":[{"href":"https:\/\/samuilove.com\/es\/wp-json\/wp\/v2\/pages"}],"about":[{"href":"https:\/\/samuilove.com\/es\/wp-json\/wp\/v2\/types\/page"}],"author":[{"embeddable":true,"href":"https:\/\/samuilove.com\/es\/wp-json\/wp\/v2\/users\/1"}],"replies":[{"embeddable":true,"href":"https:\/\/samuilove.com\/es\/wp-json\/wp\/v2\/comments?post=364"}],"version-history":[{"count":4,"href":"https:\/\/samuilove.com\/es\/wp-json\/wp\/v2\/pages\/364\/revisions"}],"predecessor-version":[{"id":593,"href":"https:\/\/samuilove.com\/es\/wp-json\/wp\/v2\/pages\/364\/revisions\/593"}],"wp:attachment":[{"href":"https:\/\/samuilove.com\/es\/wp-json\/wp\/v2\/media?parent=364"}],"curies":[{"name":"gracias","href":"https:\/\/api.w.org\/{rel}","templated":true}]}}