{"id":364,"date":"2024-12-24T04:27:30","date_gmt":"2024-12-24T04:27:30","guid":{"rendered":"https:\/\/samuilove.com\/?page_id=364"},"modified":"2025-05-12T13:35:01","modified_gmt":"2025-05-12T13:35:01","slug":"about","status":"publish","type":"page","link":"https:\/\/samuilove.com\/fr\/about\/","title":{"rendered":"\u00c0 propos de nous"},"content":{"rendered":"<p>SamuiLove.com est votre guide ultime pour d\u00e9couvrir la magie de Koh Samui. Que vous recherchiez des plages immacul\u00e9es, une d\u00e9licieuse cuisine locale, des exp\u00e9riences inoubliables ou des escapades romantiques, nous avons ce qu&#039;il vous faut. Des attractions incontournables aux endroits cach\u00e9s connus uniquement des locaux, Samui Love vous emm\u00e8ne explorer l&#039;\u00eele comme jamais auparavant. Planifiez votre escapade id\u00e9ale, d\u00e9couvrez les \u00e9v\u00e9nements quotidiens et tombez sous le charme de Koh Samui, lever de soleil apr\u00e8s lever.<\/p>","protected":false},"excerpt":{"rendered":"<p>SamuiLove.com is your ultimate guide to the magic of Koh Samui. Whether you&#39;re seeking pristine beaches, delicious local cuisine, unforgettable experiences, or romantic hideaways, we&rsquo;ve got you covered. From must-see attractions to hidden spots known only to locals, Samui Love helps you explore the island like never before. Plan your perfect escape, discover daily events, [&hellip;]<\/p>\n","protected":false},"author":1,"featured_media":0,"parent":0,"menu_order":0,"comment_status":"closed","ping_status":"closed","template":"","meta":{"_acf_changed":false,"footnotes":""},"class_list":["post-364","page","type-page","status-publish","hentry"],"acf":[],"_links":{"self":[{"href":"https:\/\/samuilove.com\/fr\/wp-json\/wp\/v2\/pages\/364","targetHints":{"allow":["GET"]}}],"collection":[{"href":"https:\/\/samuilove.com\/fr\/wp-json\/wp\/v2\/pages"}],"about":[{"href":"https:\/\/samuilove.com\/fr\/wp-json\/wp\/v2\/types\/page"}],"author":[{"embeddable":true,"href":"https:\/\/samuilove.com\/fr\/wp-json\/wp\/v2\/users\/1"}],"replies":[{"embeddable":true,"href":"https:\/\/samuilove.com\/fr\/wp-json\/wp\/v2\/comments?post=364"}],"version-history":[{"count":4,"href":"https:\/\/samuilove.com\/fr\/wp-json\/wp\/v2\/pages\/364\/revisions"}],"predecessor-version":[{"id":593,"href":"https:\/\/samuilove.com\/fr\/wp-json\/wp\/v2\/pages\/364\/revisions\/593"}],"wp:attachment":[{"href":"https:\/\/samuilove.com\/fr\/wp-json\/wp\/v2\/media?parent=364"}],"curies":[{"name":"wp","href":"https:\/\/api.w.org\/{rel}","templated":true}]}}