{"id":364,"date":"2024-12-24T04:27:30","date_gmt":"2024-12-24T04:27:30","guid":{"rendered":"https:\/\/samuilove.com\/?page_id=364"},"modified":"2025-05-12T13:35:01","modified_gmt":"2025-05-12T13:35:01","slug":"about","status":"publish","type":"page","link":"https:\/\/samuilove.com\/pt\/about\/","title":{"rendered":"Sobre n\u00f3s"},"content":{"rendered":"<p>SamuiLove.com \u00e9 o seu guia definitivo para a magia de Koh Samui. Seja em busca de praias imaculadas, deliciosa culin\u00e1ria local, experi\u00eancias inesquec\u00edveis ou ref\u00fagios rom\u00e2nticos, n\u00f3s temos o que voc\u00ea precisa. De atra\u00e7\u00f5es imperd\u00edveis a lugares escondidos conhecidos apenas pelos moradores locais, o Samui Love ajuda voc\u00ea a explorar a ilha como nunca antes. Planeje sua escapada perfeita, descubra eventos di\u00e1rios e apaixone-se por Samui \u2013 um nascer do sol de cada vez.<\/p>","protected":false},"excerpt":{"rendered":"<p>SamuiLove.com is your ultimate guide to the magic of Koh Samui. Whether you&#39;re seeking pristine beaches, delicious local cuisine, unforgettable experiences, or romantic hideaways, we&rsquo;ve got you covered. From must-see attractions to hidden spots known only to locals, Samui Love helps you explore the island like never before. Plan your perfect escape, discover daily events, [&hellip;]<\/p>\n","protected":false},"author":1,"featured_media":0,"parent":0,"menu_order":0,"comment_status":"closed","ping_status":"closed","template":"","meta":{"_acf_changed":false,"footnotes":""},"class_list":["post-364","page","type-page","status-publish","hentry"],"acf":[],"_links":{"self":[{"href":"https:\/\/samuilove.com\/pt\/wp-json\/wp\/v2\/pages\/364","targetHints":{"allow":["GET"]}}],"collection":[{"href":"https:\/\/samuilove.com\/pt\/wp-json\/wp\/v2\/pages"}],"about":[{"href":"https:\/\/samuilove.com\/pt\/wp-json\/wp\/v2\/types\/page"}],"author":[{"embeddable":true,"href":"https:\/\/samuilove.com\/pt\/wp-json\/wp\/v2\/users\/1"}],"replies":[{"embeddable":true,"href":"https:\/\/samuilove.com\/pt\/wp-json\/wp\/v2\/comments?post=364"}],"version-history":[{"count":4,"href":"https:\/\/samuilove.com\/pt\/wp-json\/wp\/v2\/pages\/364\/revisions"}],"predecessor-version":[{"id":593,"href":"https:\/\/samuilove.com\/pt\/wp-json\/wp\/v2\/pages\/364\/revisions\/593"}],"wp:attachment":[{"href":"https:\/\/samuilove.com\/pt\/wp-json\/wp\/v2\/media?parent=364"}],"curies":[{"name":"wp","href":"https:\/\/api.w.org\/{rel}","templated":true}]}}