{"id":364,"date":"2024-12-24T04:27:30","date_gmt":"2024-12-24T04:27:30","guid":{"rendered":"https:\/\/samuilove.com\/?page_id=364"},"modified":"2025-05-12T13:35:01","modified_gmt":"2025-05-12T13:35:01","slug":"about","status":"publish","type":"page","link":"https:\/\/samuilove.com\/tr\/about\/","title":{"rendered":"Hakk\u0131m\u0131zda"},"content":{"rendered":"<p>SamuiLove.com, Koh Samui&#039;nin b\u00fcy\u00fcs\u00fcne dair nihai rehberinizdir. \u0130ster bozulmam\u0131\u015f plajlar, lezzetli yerel yemekler, unutulmaz deneyimler veya romantik saklanma yerleri ar\u0131yor olun, sizi d\u00fc\u015f\u00fcnd\u00fck. G\u00f6r\u00fclmesi gereken yerlerden yaln\u0131zca yerel halk\u0131n bildi\u011fi gizli noktalara kadar, Samui Love aday\u0131 daha \u00f6nce hi\u00e7 olmad\u0131\u011f\u0131 gibi ke\u015ffetmenize yard\u0131mc\u0131 olur. M\u00fckemmel ka\u00e7\u0131\u015f\u0131n\u0131z\u0131 planlay\u0131n, g\u00fcnl\u00fck etkinlikleri ke\u015ffedin ve Samui&#039;ye a\u015f\u0131k olun - her seferinde bir g\u00fcn do\u011fumu.<\/p>","protected":false},"excerpt":{"rendered":"<p>SamuiLove.com is your ultimate guide to the magic of Koh Samui. Whether you&#39;re seeking pristine beaches, delicious local cuisine, unforgettable experiences, or romantic hideaways, we&rsquo;ve got you covered. From must-see attractions to hidden spots known only to locals, Samui Love helps you explore the island like never before. Plan your perfect escape, discover daily events, [&hellip;]<\/p>\n","protected":false},"author":1,"featured_media":0,"parent":0,"menu_order":0,"comment_status":"closed","ping_status":"closed","template":"","meta":{"_acf_changed":false,"footnotes":""},"class_list":["post-364","page","type-page","status-publish","hentry"],"acf":[],"_links":{"self":[{"href":"https:\/\/samuilove.com\/tr\/wp-json\/wp\/v2\/pages\/364","targetHints":{"allow":["GET"]}}],"collection":[{"href":"https:\/\/samuilove.com\/tr\/wp-json\/wp\/v2\/pages"}],"about":[{"href":"https:\/\/samuilove.com\/tr\/wp-json\/wp\/v2\/types\/page"}],"author":[{"embeddable":true,"href":"https:\/\/samuilove.com\/tr\/wp-json\/wp\/v2\/users\/1"}],"replies":[{"embeddable":true,"href":"https:\/\/samuilove.com\/tr\/wp-json\/wp\/v2\/comments?post=364"}],"version-history":[{"count":4,"href":"https:\/\/samuilove.com\/tr\/wp-json\/wp\/v2\/pages\/364\/revisions"}],"predecessor-version":[{"id":593,"href":"https:\/\/samuilove.com\/tr\/wp-json\/wp\/v2\/pages\/364\/revisions\/593"}],"wp:attachment":[{"href":"https:\/\/samuilove.com\/tr\/wp-json\/wp\/v2\/media?parent=364"}],"curies":[{"name":"wp","href":"https:\/\/api.w.org\/{rel}","templated":true}]}}